{"id":97,"date":"2023-06-13T08:36:46","date_gmt":"2023-06-13T08:36:46","guid":{"rendered":"https:\/\/cuvaricevremena.eu\/?page_id=97"},"modified":"2024-07-23T17:15:48","modified_gmt":"2024-07-23T17:15:48","slug":"gastro-izazovi-2","status":"publish","type":"page","link":"https:\/\/cuvaricevremena.eu\/index.php\/gastro-izazovi-2\/","title":{"rendered":"Gastro izazovi"},"content":{"rendered":"\t\t<div data-elementor-type=\"wp-page\" data-elementor-id=\"97\" class=\"elementor elementor-97\">\n\t\t\t\t\t\t<section class=\"elementor-section elementor-top-section elementor-element elementor-element-a8a9585 elementor-section-boxed elementor-section-height-default elementor-section-height-default\" data-id=\"a8a9585\" data-element_type=\"section\" data-e-type=\"section\">\n\t\t\t\t\t\t<div class=\"elementor-container elementor-column-gap-default\">\n\t\t\t\t\t<div class=\"elementor-column elementor-col-100 elementor-top-column elementor-element elementor-element-8255534\" data-id=\"8255534\" data-element_type=\"column\" data-e-type=\"column\">\n\t\t\t<div class=\"elementor-widget-wrap elementor-element-populated\">\n\t\t\t\t\t\t<div class=\"elementor-element elementor-element-5992cda elementor-widget elementor-widget-spacer\" data-id=\"5992cda\" data-element_type=\"widget\" data-e-type=\"widget\" data-widget_type=\"spacer.default\">\n\t\t\t\t<div class=\"elementor-widget-container\">\n\t\t\t\t\t\t\t<div class=\"elementor-spacer\">\n\t\t\t<div class=\"elementor-spacer-inner\"><\/div>\n\t\t<\/div>\n\t\t\t\t\t\t<\/div>\n\t\t\t\t<\/div>\n\t\t\t\t\t<\/div>\n\t\t<\/div>\n\t\t\t\t\t<\/div>\n\t\t<\/section>\n\t\t\t\t<section class=\"elementor-section elementor-top-section elementor-element elementor-element-ee5b18a elementor-section-boxed elementor-section-height-default elementor-section-height-default\" data-id=\"ee5b18a\" data-element_type=\"section\" data-e-type=\"section\">\n\t\t\t\t\t\t<div class=\"elementor-container elementor-column-gap-default\">\n\t\t\t\t\t<div class=\"elementor-column elementor-col-100 elementor-top-column elementor-element elementor-element-496979f\" data-id=\"496979f\" data-element_type=\"column\" data-e-type=\"column\">\n\t\t\t<div class=\"elementor-widget-wrap elementor-element-populated\">\n\t\t\t\t\t\t<div class=\"elementor-element elementor-element-5b9e4b8 elementor-widget elementor-widget-heading\" data-id=\"5b9e4b8\" data-element_type=\"widget\" data-e-type=\"widget\" data-widget_type=\"heading.default\">\n\t\t\t\t<div class=\"elementor-widget-container\">\n\t\t\t\t\t<h2 class=\"elementor-heading-title elementor-size-default\">Gastro izazovi\n<\/h2>\t\t\t\t<\/div>\n\t\t\t\t<\/div>\n\t\t\t\t\t<\/div>\n\t\t<\/div>\n\t\t\t\t\t<\/div>\n\t\t<\/section>\n\t\t\t\t<section class=\"elementor-section elementor-top-section elementor-element elementor-element-68cbfb7 elementor-section-boxed elementor-section-height-default elementor-section-height-default\" data-id=\"68cbfb7\" data-element_type=\"section\" data-e-type=\"section\">\n\t\t\t\t\t\t<div class=\"elementor-container elementor-column-gap-default\">\n\t\t\t\t\t<div class=\"elementor-column elementor-col-100 elementor-top-column elementor-element elementor-element-f864159\" data-id=\"f864159\" data-element_type=\"column\" data-e-type=\"column\">\n\t\t\t<div class=\"elementor-widget-wrap elementor-element-populated\">\n\t\t\t\t\t\t<div class=\"elementor-element elementor-element-fc29b15 elementor-widget__width-initial elementor-widget elementor-widget-text-editor\" data-id=\"fc29b15\" data-element_type=\"widget\" data-e-type=\"widget\" data-widget_type=\"text-editor.default\">\n\t\t\t\t<div class=\"elementor-widget-container\">\n\t\t\t\t\t\t\t\t\t<h3>Prevrnimo stare recepte i isprobajmo ih na suvremenim \u017eelucima. Tko je za?<\/h3>\t\t\t\t\t\t\t\t<\/div>\n\t\t\t\t<\/div>\n\t\t\t\t<div class=\"elementor-element elementor-element-7f9f950 elementor-widget elementor-widget-spacer\" data-id=\"7f9f950\" data-element_type=\"widget\" data-e-type=\"widget\" data-widget_type=\"spacer.default\">\n\t\t\t\t<div class=\"elementor-widget-container\">\n\t\t\t\t\t\t\t<div class=\"elementor-spacer\">\n\t\t\t<div class=\"elementor-spacer-inner\"><\/div>\n\t\t<\/div>\n\t\t\t\t\t\t<\/div>\n\t\t\t\t<\/div>\n\t\t\t\t\t<\/div>\n\t\t<\/div>\n\t\t\t\t\t<\/div>\n\t\t<\/section>\n\t\t\t\t<section class=\"elementor-section elementor-top-section elementor-element elementor-element-e68e51b elementor-section-boxed elementor-section-height-default elementor-section-height-default\" data-id=\"e68e51b\" data-element_type=\"section\" data-e-type=\"section\">\n\t\t\t\t\t\t<div class=\"elementor-container elementor-column-gap-default\">\n\t\t\t\t\t<div class=\"elementor-column elementor-col-100 elementor-top-column elementor-element elementor-element-fb64127\" data-id=\"fb64127\" data-element_type=\"column\" data-e-type=\"column\">\n\t\t\t<div class=\"elementor-widget-wrap elementor-element-populated\">\n\t\t\t\t\t\t<div class=\"elementor-element elementor-element-2f4754c elementor-widget elementor-widget-contentviews_widget_list1\" data-id=\"2f4754c\" data-element_type=\"widget\" data-e-type=\"widget\" data-widget_type=\"contentviews_widget_list1.default\">\n\t\t\t\t<div class=\"elementor-widget-container\">\n\t\t\t\t\t<div class='pt-cv-wrapper'> <div class=\"pt-cv-view pt-cv-blockgrid iscvblock iscvelementor list1 layout1\" id=\"pt-cv-view-2f4754c\"><div data-id=\"pt-cv-page-1\" class=\"pt-cv-page\" data-cvc=\"1\"><div class=\" pt-cv-content-item pt-cv-2-col\" ><div class=\"pt-cv-thumb-wrapper pull-left \"><a href=\"https:\/\/cuvaricevremena.eu\/index.php\/2024\/11\/09\/napravi-sam-a-svoje-drevno-rimsko-vino-za-martinje\/\" class=\"_self pt-cv-href-thumbnail pt-cv-thumb-left\" target=\"_self\" ><img fetchpriority=\"high\" decoding=\"async\" width=\"768\" height=\"1024\" src=\"https:\/\/cuvaricevremena.eu\/wp-content\/uploads\/2024\/11\/e4e4c9ba-0ac9-4ebd-86ec-5d550ee5dae5-768x1024.jpg\" class=\"pt-cv-thumbnail pull-left\" alt=\"\" \/><\/a><\/div>\n<div class=\"pt-cv-colwrap\"><div class=\"pt-cv-taxoterm above_title\"><a href='https:\/\/cuvaricevremena.eu\/index.php\/category\/gastro-izazovi\/' title='Gastro izazovi' class='pt-cv-tax-gastro-izazovi'>Gastro izazovi<\/a><a href='https:\/\/cuvaricevremena.eu\/index.php\/category\/ozivjela-povijest\/' title='O\u017eivjela povijest' class='pt-cv-tax-ozivjela-povijest'>O\u017eivjela povijest<\/a><\/div><h4 class=\"pt-cv-title\"><a href=\"https:\/\/cuvaricevremena.eu\/index.php\/2024\/11\/09\/napravi-sam-a-svoje-drevno-rimsko-vino-za-martinje\/\" class=\"_self\" target=\"_self\" >Napravi sam\/a svoje drevno rimsko vino za Martinje<\/a><\/h4><div class=\"pt-cv-content\">Povijest je zapamtila stare Rimljane kao velike vinopije. Osim u kulinarstvu, vjerskim obredima i medicini, vino se najvi\u0161e koristilo kao ...<\/div><div class=\"pt-cv-rmwrap\"><a href=\"https:\/\/cuvaricevremena.eu\/index.php\/2024\/11\/09\/napravi-sam-a-svoje-drevno-rimsko-vino-za-martinje\/\" class=\"_self pt-cv-readmore btn btn-success\" target=\"_self\" >Pro\u010ditaj vi\u0161e<\/a><\/div><div class=\"pt-cv-meta-fields\"><span class=\"entry-date\"> <time datetime=\"2024-11-09T13:44:02+00:00\">9. studenoga 2024.<\/time><\/span><span> \/ <\/span><span class=\"author\"> <a href=\"https:\/\/cuvaricevremena.eu\/index.php\/author\/martina_hukavec\/\" rel=\"author\">Martina Hukavec Vla\u0161i\u0107<\/a><\/span><\/div><\/div><\/div>\n<div class=\" pt-cv-content-item pt-cv-2-col\" ><div class=\"pt-cv-thumb-wrapper pull-left \"><a href=\"https:\/\/cuvaricevremena.eu\/index.php\/2024\/04\/02\/sladoled-od-kave-recept-iz-1876\/\" class=\"_self pt-cv-href-thumbnail pt-cv-thumb-left\" target=\"_self\" ><img decoding=\"async\" width=\"1024\" height=\"815\" src=\"https:\/\/cuvaricevremena.eu\/wp-content\/uploads\/2024\/04\/20240328_1406128166-1024x815.jpg\" class=\"pt-cv-thumbnail pull-left\" alt=\"\" \/><\/a><\/div>\n<div class=\"pt-cv-colwrap\"><div class=\"pt-cv-taxoterm above_title\"><a href='https:\/\/cuvaricevremena.eu\/index.php\/category\/gastro-izazovi\/' title='Gastro izazovi' class='pt-cv-tax-gastro-izazovi'>Gastro izazovi<\/a><a href='https:\/\/cuvaricevremena.eu\/index.php\/category\/ozivjela-povijest\/' title='O\u017eivjela povijest' class='pt-cv-tax-ozivjela-povijest'>O\u017eivjela povijest<\/a><\/div><h4 class=\"pt-cv-title\"><a href=\"https:\/\/cuvaricevremena.eu\/index.php\/2024\/04\/02\/sladoled-od-kave-recept-iz-1876\/\" class=\"_self\" target=\"_self\" >Sladoled od kave prema receptu iz 1876.<\/a><\/h4><div class=\"pt-cv-content\">Zvijezda novog gastro izazova \u010cuvarica vremena je sladoled od kave!1876. izlazi jedna od najstarijih hrvatskih tiskanih kuharica \u2013 Hrvatska kuharica ...<\/div><div class=\"pt-cv-rmwrap\"><a href=\"https:\/\/cuvaricevremena.eu\/index.php\/2024\/04\/02\/sladoled-od-kave-recept-iz-1876\/\" class=\"_self pt-cv-readmore btn btn-success\" target=\"_self\" >Pro\u010ditaj vi\u0161e<\/a><\/div><div class=\"pt-cv-meta-fields\"><span class=\"entry-date\"> <time datetime=\"2024-04-02T18:03:44+00:00\">2. travnja 2024.<\/time><\/span><span> \/ <\/span><span class=\"author\"> <a href=\"https:\/\/cuvaricevremena.eu\/index.php\/author\/cuvarice-vremena\/\" rel=\"author\">\u0110ur\u0111ica Vitkovi\u0107<\/a><\/span><\/div><\/div><\/div>\n<div class=\" pt-cv-content-item pt-cv-2-col\" ><div class=\"pt-cv-thumb-wrapper pull-left \"><a href=\"https:\/\/cuvaricevremena.eu\/index.php\/2024\/02\/01\/tlaquetzalli-astecka-fina-cokolada\/\" class=\"_self pt-cv-href-thumbnail pt-cv-thumb-left\" target=\"_self\" ><img decoding=\"async\" width=\"674\" height=\"625\" src=\"https:\/\/cuvaricevremena.eu\/wp-content\/uploads\/2024\/01\/418381066_3177191062575020_9022887427709700988_n.jpg\" class=\"pt-cv-thumbnail pull-left\" alt=\"\" \/><\/a><\/div>\n<div class=\"pt-cv-colwrap\"><div class=\"pt-cv-taxoterm above_title\"><a href='https:\/\/cuvaricevremena.eu\/index.php\/category\/gastro-izazovi\/' title='Gastro izazovi' class='pt-cv-tax-gastro-izazovi'>Gastro izazovi<\/a><a href='https:\/\/cuvaricevremena.eu\/index.php\/category\/ozivjela-povijest\/' title='O\u017eivjela povijest' class='pt-cv-tax-ozivjela-povijest'>O\u017eivjela povijest<\/a><\/div><h4 class=\"pt-cv-title\"><a href=\"https:\/\/cuvaricevremena.eu\/index.php\/2024\/02\/01\/tlaquetzalli-astecka-fina-cokolada\/\" class=\"_self\" target=\"_self\" >Tlaquetzalli \u2013 aste\u010dka \u201cfina\u201d \u010dokolada<\/a><\/h4><div class=\"pt-cv-content\">Asteci, poznati i kao mezoameri\u010dki narod Sunca, posljednje je od \"sedam barbarskih plemena Chichimeka.\" Na povijesnu scenu stupaju u 12 ...<\/div><div class=\"pt-cv-rmwrap\"><a href=\"https:\/\/cuvaricevremena.eu\/index.php\/2024\/02\/01\/tlaquetzalli-astecka-fina-cokolada\/\" class=\"_self pt-cv-readmore btn btn-success\" target=\"_self\" >Pro\u010ditaj vi\u0161e<\/a><\/div><div class=\"pt-cv-meta-fields\"><span class=\"entry-date\"> <time datetime=\"2024-02-01T07:03:24+00:00\">1. velja\u010de 2024.<\/time><\/span><span> \/ <\/span><span class=\"author\"> <a href=\"https:\/\/cuvaricevremena.eu\/index.php\/author\/martina_hukavec\/\" rel=\"author\">Martina Hukavec Vla\u0161i\u0107<\/a><\/span><\/div><\/div><\/div>\n<div class=\" pt-cv-content-item pt-cv-2-col\" ><div class=\"pt-cv-thumb-wrapper pull-left \"><a href=\"https:\/\/cuvaricevremena.eu\/index.php\/2023\/08\/28\/mutvara-s-jabukama-recept\/\" class=\"_self pt-cv-href-thumbnail pt-cv-thumb-left\" target=\"_self\" ><img loading=\"lazy\" decoding=\"async\" width=\"624\" height=\"468\" src=\"https:\/\/cuvaricevremena.eu\/wp-content\/uploads\/2023\/08\/mutvara-3.jpg\" class=\"pt-cv-thumbnail pull-left\" alt=\"\" \/><\/a><\/div>\n<div class=\"pt-cv-colwrap\"><div class=\"pt-cv-taxoterm above_title\"><a href='https:\/\/cuvaricevremena.eu\/index.php\/category\/gastro-izazovi\/' title='Gastro izazovi' class='pt-cv-tax-gastro-izazovi'>Gastro izazovi<\/a><a href='https:\/\/cuvaricevremena.eu\/index.php\/category\/ozivjela-povijest\/' title='O\u017eivjela povijest' class='pt-cv-tax-ozivjela-povijest'>O\u017eivjela povijest<\/a><\/div><h4 class=\"pt-cv-title\"><a href=\"https:\/\/cuvaricevremena.eu\/index.php\/2023\/08\/28\/mutvara-s-jabukama-recept\/\" class=\"_self\" target=\"_self\" >Mutvara s jabukama \u2013  recept<\/a><\/h4><div class=\"pt-cv-content\">Dozvolite da vas povedemo na gastro putovanje u 19. stolje\u0107e! Iako su neki od vas zasigurno imali prilike ku\u0161ati ovaj ...<\/div><div class=\"pt-cv-rmwrap\"><a href=\"https:\/\/cuvaricevremena.eu\/index.php\/2023\/08\/28\/mutvara-s-jabukama-recept\/\" class=\"_self pt-cv-readmore btn btn-success\" target=\"_self\" >Pro\u010ditaj vi\u0161e<\/a><\/div><div class=\"pt-cv-meta-fields\"><span class=\"entry-date\"> <time datetime=\"2023-08-28T14:51:15+00:00\">28. kolovoza 2023.<\/time><\/span><span> \/ <\/span><span class=\"author\"> <a href=\"https:\/\/cuvaricevremena.eu\/index.php\/author\/cuvarice-vremena\/\" rel=\"author\">\u0110ur\u0111ica Vitkovi\u0107<\/a><\/span><\/div><\/div><\/div><\/div><\/div> <\/div> \t\t\t\t<\/div>\n\t\t\t\t<\/div>\n\t\t\t\t\t<\/div>\n\t\t<\/div>\n\t\t\t\t\t<\/div>\n\t\t<\/section>\n\t\t\t\t<\/div>\n\t\t","protected":false},"excerpt":{"rendered":"<p>Gastro izazovi Prevrnimo stare recepte i isprobajmo ih na suvremenim \u017eelucima. Tko je za? Gastro izazoviO\u017eivjela povijest Sladoled od kave prema receptu iz 1876. Zvijezda novog gastro izazova \u010cuvarica vremena je sladoled od kave! 1876. izlazi jedna od najstarijih hrvatskih tiskanih kuharica \u2013 Hrvatska &#8230;Pro\u010ditaj vi\u0161e 2. travnja 2024. \/ \u0110ur\u0111ica Vitkovi\u0107 Gastro izazoviO\u017eivjela povijest [&hellip;]<\/p>\n","protected":false},"author":1,"featured_media":0,"parent":0,"menu_order":0,"comment_status":"closed","ping_status":"closed","template":"","meta":{"site-sidebar-layout":"no-sidebar","site-content-layout":"page-builder","ast-site-content-layout":"default","site-content-style":"default","site-sidebar-style":"default","ast-global-header-display":"","ast-banner-title-visibility":"","ast-main-header-display":"","ast-hfb-above-header-display":"","ast-hfb-below-header-display":"","ast-hfb-mobile-header-display":"","site-post-title":"disabled","ast-breadcrumbs-content":"","ast-featured-img":"disabled","footer-sml-layout":"","ast-disable-related-posts":"","theme-transparent-header-meta":"","adv-header-id-meta":"","stick-header-meta":"","header-above-stick-meta":"","header-main-stick-meta":"","header-below-stick-meta":"","astra-migrate-meta-layouts":"default","ast-page-background-enabled":"default","ast-page-background-meta":{"desktop":{"background-color":"var(--ast-global-color-4)","background-image":"","background-repeat":"repeat","background-position":"center center","background-size":"auto","background-attachment":"scroll","background-type":"","background-media":"","overlay-type":"","overlay-color":"","overlay-opacity":"","overlay-gradient":""},"tablet":{"background-color":"","background-image":"","background-repeat":"repeat","background-position":"center center","background-size":"auto","background-attachment":"scroll","background-type":"","background-media":"","overlay-type":"","overlay-color":"","overlay-opacity":"","overlay-gradient":""},"mobile":{"background-color":"","background-image":"","background-repeat":"repeat","background-position":"center center","background-size":"auto","background-attachment":"scroll","background-type":"","background-media":"","overlay-type":"","overlay-color":"","overlay-opacity":"","overlay-gradient":""}},"ast-content-background-meta":{"desktop":{"background-color":"var(--ast-global-color-5)","background-image":"","background-repeat":"repeat","background-position":"center center","background-size":"auto","background-attachment":"scroll","background-type":"","background-media":"","overlay-type":"","overlay-color":"","overlay-opacity":"","overlay-gradient":""},"tablet":{"background-color":"var(--ast-global-color-5)","background-image":"","background-repeat":"repeat","background-position":"center center","background-size":"auto","background-attachment":"scroll","background-type":"","background-media":"","overlay-type":"","overlay-color":"","overlay-opacity":"","overlay-gradient":""},"mobile":{"background-color":"var(--ast-global-color-5)","background-image":"","background-repeat":"repeat","background-position":"center center","background-size":"auto","background-attachment":"scroll","background-type":"","background-media":"","overlay-type":"","overlay-color":"","overlay-opacity":"","overlay-gradient":""}},"footnotes":""},"class_list":["post-97","page","type-page","status-publish","hentry"],"yoast_head":"<!-- This site is optimized with the Yoast SEO plugin v27.5 - https:\/\/yoast.com\/product\/yoast-seo-wordpress\/ -->\n<title>Gastro izazovi - \u010cuvarice vremena<\/title>\n<meta name=\"robots\" content=\"index, follow, max-snippet:-1, max-image-preview:large, max-video-preview:-1\" \/>\n<link rel=\"canonical\" href=\"https:\/\/cuvaricevremena.eu\/index.php\/gastro-izazovi-2\/\" \/>\n<meta property=\"og:locale\" content=\"hr_HR\" \/>\n<meta property=\"og:type\" content=\"article\" \/>\n<meta property=\"og:title\" content=\"Gastro izazovi - \u010cuvarice vremena\" \/>\n<meta property=\"og:description\" content=\"Gastro izazovi Prevrnimo stare recepte i isprobajmo ih na suvremenim \u017eelucima. Tko je za? Gastro izazoviO\u017eivjela povijest Sladoled od kave prema receptu iz 1876. Zvijezda novog gastro izazova \u010cuvarica vremena je sladoled od kave! 1876. izlazi jedna od najstarijih hrvatskih tiskanih kuharica \u2013 Hrvatska &#8230;Pro\u010ditaj vi\u0161e 2. travnja 2024. \/ \u0110ur\u0111ica Vitkovi\u0107 Gastro izazoviO\u017eivjela povijest [&hellip;]\" \/>\n<meta property=\"og:url\" content=\"https:\/\/cuvaricevremena.eu\/index.php\/gastro-izazovi-2\/\" \/>\n<meta property=\"og:site_name\" content=\"\u010cuvarice vremena\" \/>\n<meta property=\"article:publisher\" content=\"https:\/\/www.facebook.com\/cuvaricevremena\/\" \/>\n<meta property=\"article:modified_time\" content=\"2024-07-23T17:15:48+00:00\" \/>\n<meta property=\"og:image\" content=\"https:\/\/cuvaricevremena.eu\/wp-content\/uploads\/2024\/04\/20240328_1406128166-1024x815.jpg\" \/>\n<meta name=\"twitter:card\" content=\"summary_large_image\" \/>\n<meta name=\"twitter:label1\" content=\"Procijenjeno vrijeme \u010ditanja\" \/>\n\t<meta name=\"twitter:data1\" content=\"2 minute\" \/>\n<script type=\"application\/ld+json\" class=\"yoast-schema-graph\">{\"@context\":\"https:\\\/\\\/schema.org\",\"@graph\":[{\"@type\":\"WebPage\",\"@id\":\"https:\\\/\\\/cuvaricevremena.eu\\\/index.php\\\/gastro-izazovi-2\\\/\",\"url\":\"https:\\\/\\\/cuvaricevremena.eu\\\/index.php\\\/gastro-izazovi-2\\\/\",\"name\":\"Gastro izazovi - \u010cuvarice vremena\",\"isPartOf\":{\"@id\":\"https:\\\/\\\/cuvaricevremena.eu\\\/#website\"},\"primaryImageOfPage\":{\"@id\":\"https:\\\/\\\/cuvaricevremena.eu\\\/index.php\\\/gastro-izazovi-2\\\/#primaryimage\"},\"image\":{\"@id\":\"https:\\\/\\\/cuvaricevremena.eu\\\/index.php\\\/gastro-izazovi-2\\\/#primaryimage\"},\"thumbnailUrl\":\"https:\\\/\\\/cuvaricevremena.eu\\\/wp-content\\\/uploads\\\/2024\\\/04\\\/20240328_1406128166-1024x815.jpg\",\"datePublished\":\"2023-06-13T08:36:46+00:00\",\"dateModified\":\"2024-07-23T17:15:48+00:00\",\"breadcrumb\":{\"@id\":\"https:\\\/\\\/cuvaricevremena.eu\\\/index.php\\\/gastro-izazovi-2\\\/#breadcrumb\"},\"inLanguage\":\"hr\",\"potentialAction\":[{\"@type\":\"ReadAction\",\"target\":[\"https:\\\/\\\/cuvaricevremena.eu\\\/index.php\\\/gastro-izazovi-2\\\/\"]}]},{\"@type\":\"ImageObject\",\"inLanguage\":\"hr\",\"@id\":\"https:\\\/\\\/cuvaricevremena.eu\\\/index.php\\\/gastro-izazovi-2\\\/#primaryimage\",\"url\":\"https:\\\/\\\/cuvaricevremena.eu\\\/wp-content\\\/uploads\\\/2024\\\/04\\\/20240328_1406128166.jpg\",\"contentUrl\":\"https:\\\/\\\/cuvaricevremena.eu\\\/wp-content\\\/uploads\\\/2024\\\/04\\\/20240328_1406128166.jpg\",\"width\":1920,\"height\":1528,\"caption\":\"Gotov sladoled mo\u017eete ukrasiti po \u017eelji te u\u017eivati u slojevitom okusu kave. Fotografija: \u0106uvarice vremena.\"},{\"@type\":\"BreadcrumbList\",\"@id\":\"https:\\\/\\\/cuvaricevremena.eu\\\/index.php\\\/gastro-izazovi-2\\\/#breadcrumb\",\"itemListElement\":[{\"@type\":\"ListItem\",\"position\":1,\"name\":\"Po\u010detna stranica\",\"item\":\"https:\\\/\\\/cuvaricevremena.eu\\\/\"},{\"@type\":\"ListItem\",\"position\":2,\"name\":\"Gastro izazovi\"}]},{\"@type\":\"WebSite\",\"@id\":\"https:\\\/\\\/cuvaricevremena.eu\\\/#website\",\"url\":\"https:\\\/\\\/cuvaricevremena.eu\\\/\",\"name\":\"\u010cuvarice vremena\",\"description\":\"\",\"publisher\":{\"@id\":\"https:\\\/\\\/cuvaricevremena.eu\\\/#organization\"},\"potentialAction\":[{\"@type\":\"SearchAction\",\"target\":{\"@type\":\"EntryPoint\",\"urlTemplate\":\"https:\\\/\\\/cuvaricevremena.eu\\\/?s={search_term_string}\"},\"query-input\":{\"@type\":\"PropertyValueSpecification\",\"valueRequired\":true,\"valueName\":\"search_term_string\"}}],\"inLanguage\":\"hr\"},{\"@type\":\"Organization\",\"@id\":\"https:\\\/\\\/cuvaricevremena.eu\\\/#organization\",\"name\":\"\u010cuvarice vremena\",\"url\":\"https:\\\/\\\/cuvaricevremena.eu\\\/\",\"logo\":{\"@type\":\"ImageObject\",\"inLanguage\":\"hr\",\"@id\":\"https:\\\/\\\/cuvaricevremena.eu\\\/#\\\/schema\\\/logo\\\/image\\\/\",\"url\":\"https:\\\/\\\/cuvaricevremena.eu\\\/wp-content\\\/uploads\\\/2023\\\/07\\\/cropped-cropped-Cuvarice-vremena-logo-zlatni-1.png\",\"contentUrl\":\"https:\\\/\\\/cuvaricevremena.eu\\\/wp-content\\\/uploads\\\/2023\\\/07\\\/cropped-cropped-Cuvarice-vremena-logo-zlatni-1.png\",\"width\":1270,\"height\":1185,\"caption\":\"\u010cuvarice vremena\"},\"image\":{\"@id\":\"https:\\\/\\\/cuvaricevremena.eu\\\/#\\\/schema\\\/logo\\\/image\\\/\"},\"sameAs\":[\"https:\\\/\\\/www.facebook.com\\\/cuvaricevremena\\\/\",\"https:\\\/\\\/www.instagram.com\\\/cuvarice_vremena\\\/\"]}]}<\/script>\n<!-- \/ Yoast SEO plugin. -->","yoast_head_json":{"title":"Gastro izazovi - \u010cuvarice vremena","robots":{"index":"index","follow":"follow","max-snippet":"max-snippet:-1","max-image-preview":"max-image-preview:large","max-video-preview":"max-video-preview:-1"},"canonical":"https:\/\/cuvaricevremena.eu\/index.php\/gastro-izazovi-2\/","og_locale":"hr_HR","og_type":"article","og_title":"Gastro izazovi - \u010cuvarice vremena","og_description":"Gastro izazovi Prevrnimo stare recepte i isprobajmo ih na suvremenim \u017eelucima. Tko je za? Gastro izazoviO\u017eivjela povijest Sladoled od kave prema receptu iz 1876. Zvijezda novog gastro izazova \u010cuvarica vremena je sladoled od kave! 1876. izlazi jedna od najstarijih hrvatskih tiskanih kuharica \u2013 Hrvatska &#8230;Pro\u010ditaj vi\u0161e 2. travnja 2024. \/ \u0110ur\u0111ica Vitkovi\u0107 Gastro izazoviO\u017eivjela povijest [&hellip;]","og_url":"https:\/\/cuvaricevremena.eu\/index.php\/gastro-izazovi-2\/","og_site_name":"\u010cuvarice vremena","article_publisher":"https:\/\/www.facebook.com\/cuvaricevremena\/","article_modified_time":"2024-07-23T17:15:48+00:00","og_image":[{"url":"https:\/\/cuvaricevremena.eu\/wp-content\/uploads\/2024\/04\/20240328_1406128166-1024x815.jpg","type":"","width":"","height":""}],"twitter_card":"summary_large_image","twitter_misc":{"Procijenjeno vrijeme \u010ditanja":"2 minute"},"schema":{"@context":"https:\/\/schema.org","@graph":[{"@type":"WebPage","@id":"https:\/\/cuvaricevremena.eu\/index.php\/gastro-izazovi-2\/","url":"https:\/\/cuvaricevremena.eu\/index.php\/gastro-izazovi-2\/","name":"Gastro izazovi - \u010cuvarice vremena","isPartOf":{"@id":"https:\/\/cuvaricevremena.eu\/#website"},"primaryImageOfPage":{"@id":"https:\/\/cuvaricevremena.eu\/index.php\/gastro-izazovi-2\/#primaryimage"},"image":{"@id":"https:\/\/cuvaricevremena.eu\/index.php\/gastro-izazovi-2\/#primaryimage"},"thumbnailUrl":"https:\/\/cuvaricevremena.eu\/wp-content\/uploads\/2024\/04\/20240328_1406128166-1024x815.jpg","datePublished":"2023-06-13T08:36:46+00:00","dateModified":"2024-07-23T17:15:48+00:00","breadcrumb":{"@id":"https:\/\/cuvaricevremena.eu\/index.php\/gastro-izazovi-2\/#breadcrumb"},"inLanguage":"hr","potentialAction":[{"@type":"ReadAction","target":["https:\/\/cuvaricevremena.eu\/index.php\/gastro-izazovi-2\/"]}]},{"@type":"ImageObject","inLanguage":"hr","@id":"https:\/\/cuvaricevremena.eu\/index.php\/gastro-izazovi-2\/#primaryimage","url":"https:\/\/cuvaricevremena.eu\/wp-content\/uploads\/2024\/04\/20240328_1406128166.jpg","contentUrl":"https:\/\/cuvaricevremena.eu\/wp-content\/uploads\/2024\/04\/20240328_1406128166.jpg","width":1920,"height":1528,"caption":"Gotov sladoled mo\u017eete ukrasiti po \u017eelji te u\u017eivati u slojevitom okusu kave. Fotografija: \u0106uvarice vremena."},{"@type":"BreadcrumbList","@id":"https:\/\/cuvaricevremena.eu\/index.php\/gastro-izazovi-2\/#breadcrumb","itemListElement":[{"@type":"ListItem","position":1,"name":"Po\u010detna stranica","item":"https:\/\/cuvaricevremena.eu\/"},{"@type":"ListItem","position":2,"name":"Gastro izazovi"}]},{"@type":"WebSite","@id":"https:\/\/cuvaricevremena.eu\/#website","url":"https:\/\/cuvaricevremena.eu\/","name":"\u010cuvarice vremena","description":"","publisher":{"@id":"https:\/\/cuvaricevremena.eu\/#organization"},"potentialAction":[{"@type":"SearchAction","target":{"@type":"EntryPoint","urlTemplate":"https:\/\/cuvaricevremena.eu\/?s={search_term_string}"},"query-input":{"@type":"PropertyValueSpecification","valueRequired":true,"valueName":"search_term_string"}}],"inLanguage":"hr"},{"@type":"Organization","@id":"https:\/\/cuvaricevremena.eu\/#organization","name":"\u010cuvarice vremena","url":"https:\/\/cuvaricevremena.eu\/","logo":{"@type":"ImageObject","inLanguage":"hr","@id":"https:\/\/cuvaricevremena.eu\/#\/schema\/logo\/image\/","url":"https:\/\/cuvaricevremena.eu\/wp-content\/uploads\/2023\/07\/cropped-cropped-Cuvarice-vremena-logo-zlatni-1.png","contentUrl":"https:\/\/cuvaricevremena.eu\/wp-content\/uploads\/2023\/07\/cropped-cropped-Cuvarice-vremena-logo-zlatni-1.png","width":1270,"height":1185,"caption":"\u010cuvarice vremena"},"image":{"@id":"https:\/\/cuvaricevremena.eu\/#\/schema\/logo\/image\/"},"sameAs":["https:\/\/www.facebook.com\/cuvaricevremena\/","https:\/\/www.instagram.com\/cuvarice_vremena\/"]}]}},"_links":{"self":[{"href":"https:\/\/cuvaricevremena.eu\/index.php\/wp-json\/wp\/v2\/pages\/97","targetHints":{"allow":["GET"]}}],"collection":[{"href":"https:\/\/cuvaricevremena.eu\/index.php\/wp-json\/wp\/v2\/pages"}],"about":[{"href":"https:\/\/cuvaricevremena.eu\/index.php\/wp-json\/wp\/v2\/types\/page"}],"author":[{"embeddable":true,"href":"https:\/\/cuvaricevremena.eu\/index.php\/wp-json\/wp\/v2\/users\/1"}],"replies":[{"embeddable":true,"href":"https:\/\/cuvaricevremena.eu\/index.php\/wp-json\/wp\/v2\/comments?post=97"}],"version-history":[{"count":27,"href":"https:\/\/cuvaricevremena.eu\/index.php\/wp-json\/wp\/v2\/pages\/97\/revisions"}],"predecessor-version":[{"id":5168,"href":"https:\/\/cuvaricevremena.eu\/index.php\/wp-json\/wp\/v2\/pages\/97\/revisions\/5168"}],"wp:attachment":[{"href":"https:\/\/cuvaricevremena.eu\/index.php\/wp-json\/wp\/v2\/media?parent=97"}],"curies":[{"name":"wp","href":"https:\/\/api.w.org\/{rel}","templated":true}]}}